{"id":28,"date":"2025-02-23T11:59:54","date_gmt":"2025-02-23T10:59:54","guid":{"rendered":"https:\/\/ceramikatypik.fr\/?page_id=28"},"modified":"2025-03-06T12:52:27","modified_gmt":"2025-03-06T11:52:27","slug":"acceuil","status":"publish","type":"page","link":"https:\/\/ceramikatypik.fr\/","title":{"rendered":"Accueil"},"content":{"rendered":"<div>\n<p>    <img decoding=\"async\" src=\"\/wp-content\/uploads\/2025\/02\/cearmik-atypik-delphine-le-huec-vase-marine-scaled.jpg\" alt=\"\"><\/p>\n<\/div>\n<h1>Galerie<\/h1>\n<ul>\n<li>\n<p>        <img decoding=\"async\" src=\"\/wp-content\/uploads\/2025\/02\/soliflore-fleur-des-dunes-scaled.jpg\" alt=\"\"><\/p>\n<\/li>\n<li>\n<p>        <img decoding=\"async\" src=\"\/wp-content\/uploads\/2025\/02\/IMG_20210731_184037-scaled.jpg\" alt=\"\"><\/p>\n<\/li>\n<li>\n<p>        <img decoding=\"async\" src=\"\/wp-content\/uploads\/2025\/02\/IMG_20231105_191125_512.jpg\" alt=\"\"><\/p>\n<\/li>\n<li>\n<p>        <img decoding=\"async\" src=\"\/wp-content\/uploads\/2025\/02\/IMG_20220303_152833_361-scaled.jpg\" alt=\"\"><\/p>\n<\/li>\n<li>\n<p>        <img decoding=\"async\" src=\"\/wp-content\/uploads\/2025\/02\/IMG_20220720_131232_291.webp\" alt=\"\"><\/p>\n<\/li>\n<li>\n<p>        <img decoding=\"async\" src=\"\/wp-content\/uploads\/2025\/02\/IMG_20210731_164806_612.jpg\" alt=\"\"><\/p>\n<\/li>\n<li>\n<p>        <img decoding=\"async\" src=\"\/wp-content\/uploads\/2025\/02\/PXL_20241122_142649221-scaled.jpg\" alt=\"\"><\/p>\n<\/li>\n<li>\n<p>        <img decoding=\"async\" src=\"\/wp-content\/uploads\/2025\/02\/IMG_20240810_224651_226.webp\" alt=\"\"><\/p>\n<\/li>\n<li>\n<p>        <img decoding=\"async\" src=\"\/wp-content\/uploads\/2025\/02\/IMG_20240810_224651_287.webp\" alt=\"\"><\/p>\n<\/li>\n<\/ul>\n<h1>Atelier boutique<\/h1>\n<div>\n<p>Je vous accueille \u00e0 mon atelier dans une ambiance chaleureuse.<\/p>\n<p>Pour les cours que je propose, l\u2019atelier dispose de 3 tours, d\u2019un espace d\u00e9di\u00e9 au travail du modelage et \u00e0 la plaque ainsi qu\u2019un espace d\u00e9di\u00e9 au d\u00e9cor et d\u2019un four \u00e0 cuisson haute temp\u00e9rature.<\/p>\n<p>Tout le mat\u00e9riel et cuissons sont compris dans les formules que je propose et des tabliers sont \u00e0 disposition afin de garder vos v\u00eatements propres.<\/p>\n<\/div>\n<p><img decoding=\"async\" src=\"\/wp-content\/uploads\/2025\/02\/ceramik-atypik-delphine-lehuec-atelier.jpg\" alt=\"\"><\/p>\n<p><!--more--><br \/>\n<!-- {\"type\":\"layout\",\"children\":[{\"type\":\"section\",\"props\":{\"image_position\":\"center-center\",\"padding\":\"xsmall\",\"padding_remove_bottom\":false,\"padding_remove_top\":true,\"style\":\"muted\",\"title_breakpoint\":\"xl\",\"title_position\":\"top-left\",\"title_rotation\":\"left\",\"vertical_align\":\"middle\",\"width\":\"default\"},\"children\":[{\"type\":\"row\",\"children\":[{\"type\":\"column\",\"props\":{\"image_position\":\"center-center\",\"position_sticky_breakpoint\":\"m\"},\"children\":[{\"type\":\"module_position\",\"props\":{\"breakpoint\":\"m\",\"content\":\"toolbar-left\",\"layout\":\"stack\"}}]}]}]},{\"type\":\"section\",\"props\":{\"image_position\":\"center-center\",\"padding\":\"none\",\"style\":\"default\",\"title_breakpoint\":\"xl\",\"title_position\":\"top-left\",\"title_rotation\":\"left\",\"vertical_align\":\"middle\",\"width\":\"\"},\"children\":[{\"type\":\"row\",\"children\":[{\"type\":\"column\",\"props\":{\"image_position\":\"center-center\",\"position_sticky_breakpoint\":\"m\"},\"children\":[{\"type\":\"slideshow\",\"props\":{\"link_style\":\"default\",\"link_text\":\"Read more\",\"margin\":\"default\",\"meta_align\":\"below-title\",\"meta_element\":\"div\",\"meta_style\":\"text-meta\",\"nav\":\"dotnav\",\"nav_align\":\"center\",\"nav_breakpoint\":\"s\",\"nav_position\":\"bottom-center\",\"nav_position_margin\":\"medium\",\"overlay_animation\":\"parallax\",\"overlay_position\":\"center-left\",\"show_content\":true,\"show_link\":true,\"show_meta\":true,\"show_thumbnail\":true,\"show_title\":true,\"slidenav\":\"default\",\"slidenav_breakpoint\":\"s\",\"slidenav_margin\":\"medium\",\"slidenav_outside_breakpoint\":\"xl\",\"slideshow_autoplay_pause\":true,\"slideshow_height_offset_top\":false,\"slideshow_min_height\":\"200\",\"slideshow_ratio\":\"16:5\",\"thumbnav_height\":\"75\",\"thumbnav_svg_color\":\"emphasis\",\"thumbnav_width\":\"100\",\"title_element\":\"h3\",\"title_hover_style\":\"reset\"},\"children\":[{\"type\":\"slideshow_item\",\"props\":{\"image\":\"wp-content\\\/uploads\\\/2025\\\/02\\\/cearmik-atypik-delphine-le-huec-vase-marine-scaled.jpg\"}}]}]}]}]},{\"type\":\"section\",\"props\":{\"image_position\":\"center-center\",\"padding\":\"small\",\"padding_remove_bottom\":true,\"padding_remove_top\":false,\"style\":\"muted\",\"title_breakpoint\":\"xl\",\"title_position\":\"top-left\",\"title_rotation\":\"left\",\"vertical_align\":\"middle\",\"width\":\"default\"},\"children\":[{\"type\":\"row\",\"children\":[{\"type\":\"column\",\"props\":{\"image_position\":\"center-center\",\"position_sticky_breakpoint\":\"m\"},\"children\":[{\"type\":\"headline\",\"props\":{\"content\":\"Galerie\",\"text_align\":\"center\",\"title_element\":\"h1\"}}]}]}]},{\"type\":\"section\",\"props\":{\"image_position\":\"center-center\",\"padding\":\"small\",\"style\":\"muted\",\"title_breakpoint\":\"xl\",\"title_position\":\"top-left\",\"title_rotation\":\"left\",\"vertical_align\":\"middle\",\"width\":\"default\"},\"children\":[{\"type\":\"row\",\"children\":[{\"type\":\"column\",\"props\":{\"image_position\":\"center-center\",\"position_sticky_breakpoint\":\"m\"},\"children\":[{\"type\":\"gallery\",\"props\":{\"filter_align\":\"left\",\"filter_all\":true,\"filter_grid_breakpoint\":\"m\",\"filter_grid_width\":\"auto\",\"filter_position\":\"top\",\"filter_style\":\"tab\",\"grid_default\":\"1\",\"grid_masonry\":\"pack\",\"grid_medium\":\"3\",\"item_animation\":true,\"lightbox\":false,\"lightbox_bg_close\":true,\"link_style\":\"default\",\"link_text\":\"Read more\",\"margin\":\"default\",\"meta_align\":\"below-title\",\"meta_element\":\"div\",\"meta_style\":\"text-meta\",\"overlay_hover\":false,\"overlay_mode\":\"caption\",\"overlay_position\":\"center\",\"overlay_style\":\"overlay-primary\",\"overlay_transition\":\"fade\",\"overlay_transition_background\":false,\"show_content\":true,\"show_hover_image\":true,\"show_hover_video\":true,\"show_link\":true,\"show_meta\":true,\"show_title\":true,\"text_align\":\"center\",\"text_color\":\"light\",\"title_element\":\"h3\",\"title_hover_style\":\"reset\"},\"children\":[{\"type\":\"gallery_item\",\"props\":{\"image\":\"wp-content\\\/uploads\\\/2025\\\/02\\\/soliflore-fleur-des-dunes-scaled.jpg\"}},{\"type\":\"gallery_item\",\"props\":{\"image\":\"wp-content\\\/uploads\\\/2025\\\/02\\\/IMG_20210731_184037-scaled.jpg\"}},{\"type\":\"gallery_item\",\"props\":{\"image\":\"wp-content\\\/uploads\\\/2025\\\/02\\\/IMG_20231105_191125_512.jpg\"}},{\"type\":\"gallery_item\",\"props\":{\"image\":\"wp-content\\\/uploads\\\/2025\\\/02\\\/IMG_20220303_152833_361-scaled.jpg\"}},{\"type\":\"gallery_item\",\"props\":{\"image\":\"wp-content\\\/uploads\\\/2025\\\/02\\\/IMG_20220720_131232_291.webp\"}},{\"type\":\"gallery_item\",\"props\":{\"image\":\"wp-content\\\/uploads\\\/2025\\\/02\\\/IMG_20210731_164806_612.jpg\"}},{\"type\":\"gallery_item\",\"props\":{\"image\":\"wp-content\\\/uploads\\\/2025\\\/02\\\/PXL_20241122_142649221-scaled.jpg\"}},{\"type\":\"gallery_item\",\"props\":{\"image\":\"wp-content\\\/uploads\\\/2025\\\/02\\\/IMG_20240810_224651_226.webp\"}},{\"type\":\"gallery_item\",\"props\":{\"image\":\"wp-content\\\/uploads\\\/2025\\\/02\\\/IMG_20240810_224651_287.webp\"}}]}]}]}]},{\"type\":\"section\",\"props\":{\"image_position\":\"center-center\",\"style\":\"default\",\"title_breakpoint\":\"xl\",\"title_position\":\"top-left\",\"title_rotation\":\"left\",\"vertical_align\":\"middle\",\"width\":\"default\"},\"children\":[{\"type\":\"row\",\"props\":{\"layout\":\"1-2,1-2\"},\"children\":[{\"type\":\"column\",\"props\":{\"image_position\":\"center-center\",\"position_sticky_breakpoint\":\"m\",\"width_medium\":\"1-2\"},\"children\":[{\"type\":\"headline\",\"props\":{\"content\":\"Atelier boutique\",\"title_element\":\"h1\"}},{\"type\":\"text\",\"props\":{\"column_breakpoint\":\"m\",\"content\":\"\n\n<p>Je vous accueille \\u00e0 mon atelier dans une ambiance chaleureuse.<\\\/p>\\n\n\n<p>Pour les cours que je propose, l\\u2019atelier dispose de 3 tours, d\\u2019un espace d\\u00e9di\\u00e9 au travail du modelage et \\u00e0 la plaque ainsi qu\\u2019un espace d\\u00e9di\\u00e9 au d\\u00e9cor et d\\u2019un four \\u00e0 cuisson haute temp\\u00e9rature.<\\\/p>\\n\n\n<p>Tout le mat\\u00e9riel et cuissons sont compris dans les formules que je propose et des tabliers sont \\u00e0 disposition afin de garder vos v\\u00eatements propres.<\\\/p>\",\"dropcap\":false,\"margin\":\"default\",\"text_align\":\"center\"}}]},{\"type\":\"column\",\"props\":{\"image_position\":\"center-center\",\"position_sticky_breakpoint\":\"m\",\"width_medium\":\"1-2\"},\"children\":[{\"type\":\"image\",\"props\":{\"image\":\"wp-content\\\/uploads\\\/2025\\\/02\\\/ceramik-atypik-delphine-lehuec-atelier.jpg\",\"image_svg_color\":\"emphasis\",\"margin\":\"default\"}}]}]},{\"type\":\"row\",\"children\":[{\"type\":\"column\",\"props\":{\"image_position\":\"center-center\",\"position_sticky_breakpoint\":\"m\"}}]}]}],\"version\":\"4.5.6\"} --><\/p>\n","protected":false},"excerpt":{"rendered":"<p>Galerie Atelier boutique Je vous accueille \u00e0 mon atelier dans une ambiance chaleureuse. Pour les cours que je propose, l\u2019atelier dispose de 3 tours, d\u2019un espace d\u00e9di\u00e9 au travail du modelage et \u00e0 la plaque ainsi qu\u2019un espace d\u00e9di\u00e9 au d\u00e9cor et d\u2019un four \u00e0 cuisson haute temp\u00e9rature. Tout le mat\u00e9riel et cuissons sont compris [&hellip;]<\/p>\n","protected":false},"author":1,"featured_media":0,"parent":0,"menu_order":0,"comment_status":"closed","ping_status":"closed","template":"","meta":{"_acf_changed":false,"footnotes":""},"class_list":["post-28","page","type-page","status-publish","hentry"],"acf":[],"yoast_head":"<!-- This site is optimized with the Yoast SEO plugin v27.4 - https:\/\/yoast.com\/product\/yoast-seo-wordpress\/ -->\n<title>Accueil - Ceramik Atypik<\/title>\n<meta name=\"robots\" content=\"index, follow, max-snippet:-1, max-image-preview:large, max-video-preview:-1\" \/>\n<link rel=\"canonical\" href=\"https:\/\/ceramikatypik.fr\/\" \/>\n<meta property=\"og:locale\" content=\"fr_FR\" \/>\n<meta property=\"og:type\" content=\"article\" \/>\n<meta property=\"og:title\" content=\"Accueil - Ceramik Atypik\" \/>\n<meta property=\"og:description\" content=\"Galerie Atelier boutique Je vous accueille \u00e0 mon atelier dans une ambiance chaleureuse. Pour les cours que je propose, l\u2019atelier dispose de 3 tours, d\u2019un espace d\u00e9di\u00e9 au travail du modelage et \u00e0 la plaque ainsi qu\u2019un espace d\u00e9di\u00e9 au d\u00e9cor et d\u2019un four \u00e0 cuisson haute temp\u00e9rature. Tout le mat\u00e9riel et cuissons sont compris [&hellip;]\" \/>\n<meta property=\"og:url\" content=\"https:\/\/ceramikatypik.fr\/\" \/>\n<meta property=\"og:site_name\" content=\"Ceramik Atypik\" \/>\n<meta property=\"article:modified_time\" content=\"2025-03-06T11:52:27+00:00\" \/>\n<meta name=\"twitter:card\" content=\"summary_large_image\" \/>\n<script type=\"application\/ld+json\" class=\"yoast-schema-graph\">{\"@context\":\"https:\\\/\\\/schema.org\",\"@graph\":[{\"@type\":\"WebPage\",\"@id\":\"https:\\\/\\\/ceramikatypik.fr\\\/\",\"url\":\"https:\\\/\\\/ceramikatypik.fr\\\/\",\"name\":\"Accueil - Ceramik Atypik\",\"isPartOf\":{\"@id\":\"https:\\\/\\\/ceramikatypik.fr\\\/#website\"},\"datePublished\":\"2025-02-23T10:59:54+00:00\",\"dateModified\":\"2025-03-06T11:52:27+00:00\",\"breadcrumb\":{\"@id\":\"https:\\\/\\\/ceramikatypik.fr\\\/#breadcrumb\"},\"inLanguage\":\"fr-FR\",\"potentialAction\":[{\"@type\":\"ReadAction\",\"target\":[\"https:\\\/\\\/ceramikatypik.fr\\\/\"]}]},{\"@type\":\"BreadcrumbList\",\"@id\":\"https:\\\/\\\/ceramikatypik.fr\\\/#breadcrumb\",\"itemListElement\":[{\"@type\":\"ListItem\",\"position\":1,\"name\":\"Accueil\",\"item\":\"https:\\\/\\\/ceramikatypik.fr\\\/\"},{\"@type\":\"ListItem\",\"position\":2,\"name\":\"Accueil\"}]},{\"@type\":\"WebSite\",\"@id\":\"https:\\\/\\\/ceramikatypik.fr\\\/#website\",\"url\":\"https:\\\/\\\/ceramikatypik.fr\\\/\",\"name\":\"Ceramik Atypik\",\"description\":\"Soup\u00e7on de porcelaine sur notes de gr\u00e8s\",\"potentialAction\":[{\"@type\":\"SearchAction\",\"target\":{\"@type\":\"EntryPoint\",\"urlTemplate\":\"https:\\\/\\\/ceramikatypik.fr\\\/?s={search_term_string}\"},\"query-input\":{\"@type\":\"PropertyValueSpecification\",\"valueRequired\":true,\"valueName\":\"search_term_string\"}}],\"inLanguage\":\"fr-FR\"}]}<\/script>\n<!-- \/ Yoast SEO plugin. -->","yoast_head_json":{"title":"Accueil - Ceramik Atypik","robots":{"index":"index","follow":"follow","max-snippet":"max-snippet:-1","max-image-preview":"max-image-preview:large","max-video-preview":"max-video-preview:-1"},"canonical":"https:\/\/ceramikatypik.fr\/","og_locale":"fr_FR","og_type":"article","og_title":"Accueil - Ceramik Atypik","og_description":"Galerie Atelier boutique Je vous accueille \u00e0 mon atelier dans une ambiance chaleureuse. Pour les cours que je propose, l\u2019atelier dispose de 3 tours, d\u2019un espace d\u00e9di\u00e9 au travail du modelage et \u00e0 la plaque ainsi qu\u2019un espace d\u00e9di\u00e9 au d\u00e9cor et d\u2019un four \u00e0 cuisson haute temp\u00e9rature. Tout le mat\u00e9riel et cuissons sont compris [&hellip;]","og_url":"https:\/\/ceramikatypik.fr\/","og_site_name":"Ceramik Atypik","article_modified_time":"2025-03-06T11:52:27+00:00","twitter_card":"summary_large_image","schema":{"@context":"https:\/\/schema.org","@graph":[{"@type":"WebPage","@id":"https:\/\/ceramikatypik.fr\/","url":"https:\/\/ceramikatypik.fr\/","name":"Accueil - Ceramik Atypik","isPartOf":{"@id":"https:\/\/ceramikatypik.fr\/#website"},"datePublished":"2025-02-23T10:59:54+00:00","dateModified":"2025-03-06T11:52:27+00:00","breadcrumb":{"@id":"https:\/\/ceramikatypik.fr\/#breadcrumb"},"inLanguage":"fr-FR","potentialAction":[{"@type":"ReadAction","target":["https:\/\/ceramikatypik.fr\/"]}]},{"@type":"BreadcrumbList","@id":"https:\/\/ceramikatypik.fr\/#breadcrumb","itemListElement":[{"@type":"ListItem","position":1,"name":"Accueil","item":"https:\/\/ceramikatypik.fr\/"},{"@type":"ListItem","position":2,"name":"Accueil"}]},{"@type":"WebSite","@id":"https:\/\/ceramikatypik.fr\/#website","url":"https:\/\/ceramikatypik.fr\/","name":"Ceramik Atypik","description":"Soup\u00e7on de porcelaine sur notes de gr\u00e8s","potentialAction":[{"@type":"SearchAction","target":{"@type":"EntryPoint","urlTemplate":"https:\/\/ceramikatypik.fr\/?s={search_term_string}"},"query-input":{"@type":"PropertyValueSpecification","valueRequired":true,"valueName":"search_term_string"}}],"inLanguage":"fr-FR"}]}},"_links":{"self":[{"href":"https:\/\/ceramikatypik.fr\/index.php?rest_route=\/wp\/v2\/pages\/28","targetHints":{"allow":["GET"]}}],"collection":[{"href":"https:\/\/ceramikatypik.fr\/index.php?rest_route=\/wp\/v2\/pages"}],"about":[{"href":"https:\/\/ceramikatypik.fr\/index.php?rest_route=\/wp\/v2\/types\/page"}],"author":[{"embeddable":true,"href":"https:\/\/ceramikatypik.fr\/index.php?rest_route=\/wp\/v2\/users\/1"}],"replies":[{"embeddable":true,"href":"https:\/\/ceramikatypik.fr\/index.php?rest_route=%2Fwp%2Fv2%2Fcomments&post=28"}],"version-history":[{"count":22,"href":"https:\/\/ceramikatypik.fr\/index.php?rest_route=\/wp\/v2\/pages\/28\/revisions"}],"predecessor-version":[{"id":227,"href":"https:\/\/ceramikatypik.fr\/index.php?rest_route=\/wp\/v2\/pages\/28\/revisions\/227"}],"wp:attachment":[{"href":"https:\/\/ceramikatypik.fr\/index.php?rest_route=%2Fwp%2Fv2%2Fmedia&parent=28"}],"curies":[{"name":"wp","href":"https:\/\/api.w.org\/{rel}","templated":true}]}}