{"id":460,"date":"2026-02-19T15:00:58","date_gmt":"2026-02-19T14:00:58","guid":{"rendered":"https:\/\/ceramikatypik.fr\/?page_id=460"},"modified":"2026-02-19T15:01:00","modified_gmt":"2026-02-19T14:01:00","slug":"cire-de-soja","status":"publish","type":"page","link":"https:\/\/ceramikatypik.fr\/?page_id=460","title":{"rendered":"cire de soja"},"content":{"rendered":"<div>\n<p>Issue d\u2019une ressource v\u00e9g\u00e9tale renouvelable, la cire de soja s\u00e9duit par sa qualit\u00e9 et son authenticit\u00e9. Naturelle et sans paraffine, elle offre une combustion plus propre, pour pr\u00e9server la puret\u00e9 de l\u2019air de votre int\u00e9rieur.<o:p><\/o:p><\/p>\n<p data-start=\"252\" data-end=\"548\" data-is-last-node=\"\" data-is-only-node=\"\">Sa texture onctueuse permet une diffusion lente et homog\u00e8ne du parfum, r\u00e9v\u00e9lant chaque note avec douceur et subtilit\u00e9. Choisir une bougie artisanale en cire de soja, c\u2019est opter pour un produit respectueux, durable et soigneusement fa\u00e7onn\u00e9 \u00e0 la main, alliant \u00e9l\u00e9gance, naturalit\u00e9 et savoir-faire.<o:p><\/o:p><\/p>\n<\/div>\n<p><!--more--><br \/>\n<!-- {\"type\":\"layout\",\"children\":[{\"type\":\"section\",\"props\":{\"image_position\":\"center-center\",\"style\":\"default\",\"title_breakpoint\":\"xl\",\"title_position\":\"top-left\",\"title_rotation\":\"left\",\"vertical_align\":\"middle\",\"width\":\"default\"},\"children\":[{\"type\":\"row\",\"children\":[{\"type\":\"column\",\"props\":{\"image_position\":\"center-center\",\"position_sticky_breakpoint\":\"m\"},\"children\":[{\"type\":\"text\",\"props\":{\"column_breakpoint\":\"m\",\"content\":\"\n\n<p>Issue d\u2019une ressource v\u00e9g\u00e9tale renouvelable, la cire de soja s\u00e9duit par sa qualit\u00e9 et son authenticit\u00e9. Naturelle et sans paraffine, elle offre une combustion plus propre, pour pr\u00e9server la puret\u00e9 de l\u2019air de votre int\u00e9rieur.<o:p><\/o:p><\/p>\n\n\\n\n\n<p data-start=\\\"252\\\" data-end=\\\"548\\\" data-is-last-node=\\\"\\\" data-is-only-node=\\\"\\\">Sa texture onctueuse permet une diffusion lente et homog\u00e8ne du parfum, r\u00e9v\u00e9lant chaque note avec douceur et subtilit\u00e9. Choisir une bougie artisanale en cire de soja, c\u2019est opter pour un produit respectueux, durable et soigneusement fa\u00e7onn\u00e9 \u00e0 la main, alliant \u00e9l\u00e9gance, naturalit\u00e9 et savoir-faire.<o:p><\/o:p><\/p>\n\n\",\"margin_bottom\":\"default\",\"margin_top\":\"default\"}}]}]}]}],\"version\":\"5.0.14\"} --><\/p>\n","protected":false},"excerpt":{"rendered":"<p>Issue d\u2019une ressource v\u00e9g\u00e9tale renouvelable, la cire de soja s\u00e9duit par sa qualit\u00e9 et son authenticit\u00e9. Naturelle et sans paraffine, elle offre une combustion plus propre, pour pr\u00e9server la puret\u00e9 de l\u2019air de votre int\u00e9rieur. Sa texture onctueuse permet une diffusion lente et homog\u00e8ne du parfum, r\u00e9v\u00e9lant chaque note avec douceur et subtilit\u00e9. Choisir une [&hellip;]<\/p>\n","protected":false},"author":1,"featured_media":0,"parent":0,"menu_order":0,"comment_status":"closed","ping_status":"closed","template":"","meta":{"_acf_changed":false,"footnotes":""},"class_list":["post-460","page","type-page","status-publish","hentry"],"acf":[],"yoast_head":"<!-- This site is optimized with the Yoast SEO plugin v27.4 - https:\/\/yoast.com\/product\/yoast-seo-wordpress\/ -->\n<title>cire de soja - Ceramik Atypik<\/title>\n<meta name=\"robots\" content=\"index, follow, max-snippet:-1, max-image-preview:large, max-video-preview:-1\" \/>\n<link rel=\"canonical\" href=\"https:\/\/ceramikatypik.fr\/?page_id=460\" \/>\n<meta property=\"og:locale\" content=\"fr_FR\" \/>\n<meta property=\"og:type\" content=\"article\" \/>\n<meta property=\"og:title\" content=\"cire de soja - Ceramik Atypik\" \/>\n<meta property=\"og:description\" content=\"Issue d\u2019une ressource v\u00e9g\u00e9tale renouvelable, la cire de soja s\u00e9duit par sa qualit\u00e9 et son authenticit\u00e9. Naturelle et sans paraffine, elle offre une combustion plus propre, pour pr\u00e9server la puret\u00e9 de l\u2019air de votre int\u00e9rieur. Sa texture onctueuse permet une diffusion lente et homog\u00e8ne du parfum, r\u00e9v\u00e9lant chaque note avec douceur et subtilit\u00e9. Choisir une [&hellip;]\" \/>\n<meta property=\"og:url\" content=\"https:\/\/ceramikatypik.fr\/?page_id=460\" \/>\n<meta property=\"og:site_name\" content=\"Ceramik Atypik\" \/>\n<meta property=\"article:modified_time\" content=\"2026-02-19T14:01:00+00:00\" \/>\n<meta name=\"twitter:card\" content=\"summary_large_image\" \/>\n<meta name=\"twitter:label1\" content=\"Dur\u00e9e de lecture estim\u00e9e\" \/>\n\t<meta name=\"twitter:data1\" content=\"1 minute\" \/>\n<script type=\"application\/ld+json\" class=\"yoast-schema-graph\">{\"@context\":\"https:\\\/\\\/schema.org\",\"@graph\":[{\"@type\":\"WebPage\",\"@id\":\"https:\\\/\\\/ceramikatypik.fr\\\/?page_id=460\",\"url\":\"https:\\\/\\\/ceramikatypik.fr\\\/?page_id=460\",\"name\":\"cire de soja - Ceramik Atypik\",\"isPartOf\":{\"@id\":\"https:\\\/\\\/ceramikatypik.fr\\\/#website\"},\"datePublished\":\"2026-02-19T14:00:58+00:00\",\"dateModified\":\"2026-02-19T14:01:00+00:00\",\"breadcrumb\":{\"@id\":\"https:\\\/\\\/ceramikatypik.fr\\\/?page_id=460#breadcrumb\"},\"inLanguage\":\"fr-FR\",\"potentialAction\":[{\"@type\":\"ReadAction\",\"target\":[\"https:\\\/\\\/ceramikatypik.fr\\\/?page_id=460\"]}]},{\"@type\":\"BreadcrumbList\",\"@id\":\"https:\\\/\\\/ceramikatypik.fr\\\/?page_id=460#breadcrumb\",\"itemListElement\":[{\"@type\":\"ListItem\",\"position\":1,\"name\":\"Accueil\",\"item\":\"https:\\\/\\\/ceramikatypik.fr\\\/\"},{\"@type\":\"ListItem\",\"position\":2,\"name\":\"cire de soja\"}]},{\"@type\":\"WebSite\",\"@id\":\"https:\\\/\\\/ceramikatypik.fr\\\/#website\",\"url\":\"https:\\\/\\\/ceramikatypik.fr\\\/\",\"name\":\"Ceramik Atypik\",\"description\":\"Soup\u00e7on de porcelaine sur notes de gr\u00e8s\",\"potentialAction\":[{\"@type\":\"SearchAction\",\"target\":{\"@type\":\"EntryPoint\",\"urlTemplate\":\"https:\\\/\\\/ceramikatypik.fr\\\/?s={search_term_string}\"},\"query-input\":{\"@type\":\"PropertyValueSpecification\",\"valueRequired\":true,\"valueName\":\"search_term_string\"}}],\"inLanguage\":\"fr-FR\"}]}<\/script>\n<!-- \/ Yoast SEO plugin. -->","yoast_head_json":{"title":"cire de soja - Ceramik Atypik","robots":{"index":"index","follow":"follow","max-snippet":"max-snippet:-1","max-image-preview":"max-image-preview:large","max-video-preview":"max-video-preview:-1"},"canonical":"https:\/\/ceramikatypik.fr\/?page_id=460","og_locale":"fr_FR","og_type":"article","og_title":"cire de soja - Ceramik Atypik","og_description":"Issue d\u2019une ressource v\u00e9g\u00e9tale renouvelable, la cire de soja s\u00e9duit par sa qualit\u00e9 et son authenticit\u00e9. Naturelle et sans paraffine, elle offre une combustion plus propre, pour pr\u00e9server la puret\u00e9 de l\u2019air de votre int\u00e9rieur. Sa texture onctueuse permet une diffusion lente et homog\u00e8ne du parfum, r\u00e9v\u00e9lant chaque note avec douceur et subtilit\u00e9. Choisir une [&hellip;]","og_url":"https:\/\/ceramikatypik.fr\/?page_id=460","og_site_name":"Ceramik Atypik","article_modified_time":"2026-02-19T14:01:00+00:00","twitter_card":"summary_large_image","twitter_misc":{"Dur\u00e9e de lecture estim\u00e9e":"1 minute"},"schema":{"@context":"https:\/\/schema.org","@graph":[{"@type":"WebPage","@id":"https:\/\/ceramikatypik.fr\/?page_id=460","url":"https:\/\/ceramikatypik.fr\/?page_id=460","name":"cire de soja - Ceramik Atypik","isPartOf":{"@id":"https:\/\/ceramikatypik.fr\/#website"},"datePublished":"2026-02-19T14:00:58+00:00","dateModified":"2026-02-19T14:01:00+00:00","breadcrumb":{"@id":"https:\/\/ceramikatypik.fr\/?page_id=460#breadcrumb"},"inLanguage":"fr-FR","potentialAction":[{"@type":"ReadAction","target":["https:\/\/ceramikatypik.fr\/?page_id=460"]}]},{"@type":"BreadcrumbList","@id":"https:\/\/ceramikatypik.fr\/?page_id=460#breadcrumb","itemListElement":[{"@type":"ListItem","position":1,"name":"Accueil","item":"https:\/\/ceramikatypik.fr\/"},{"@type":"ListItem","position":2,"name":"cire de soja"}]},{"@type":"WebSite","@id":"https:\/\/ceramikatypik.fr\/#website","url":"https:\/\/ceramikatypik.fr\/","name":"Ceramik Atypik","description":"Soup\u00e7on de porcelaine sur notes de gr\u00e8s","potentialAction":[{"@type":"SearchAction","target":{"@type":"EntryPoint","urlTemplate":"https:\/\/ceramikatypik.fr\/?s={search_term_string}"},"query-input":{"@type":"PropertyValueSpecification","valueRequired":true,"valueName":"search_term_string"}}],"inLanguage":"fr-FR"}]}},"_links":{"self":[{"href":"https:\/\/ceramikatypik.fr\/index.php?rest_route=\/wp\/v2\/pages\/460","targetHints":{"allow":["GET"]}}],"collection":[{"href":"https:\/\/ceramikatypik.fr\/index.php?rest_route=\/wp\/v2\/pages"}],"about":[{"href":"https:\/\/ceramikatypik.fr\/index.php?rest_route=\/wp\/v2\/types\/page"}],"author":[{"embeddable":true,"href":"https:\/\/ceramikatypik.fr\/index.php?rest_route=\/wp\/v2\/users\/1"}],"replies":[{"embeddable":true,"href":"https:\/\/ceramikatypik.fr\/index.php?rest_route=%2Fwp%2Fv2%2Fcomments&post=460"}],"version-history":[{"count":1,"href":"https:\/\/ceramikatypik.fr\/index.php?rest_route=\/wp\/v2\/pages\/460\/revisions"}],"predecessor-version":[{"id":461,"href":"https:\/\/ceramikatypik.fr\/index.php?rest_route=\/wp\/v2\/pages\/460\/revisions\/461"}],"wp:attachment":[{"href":"https:\/\/ceramikatypik.fr\/index.php?rest_route=%2Fwp%2Fv2%2Fmedia&parent=460"}],"curies":[{"name":"wp","href":"https:\/\/api.w.org\/{rel}","templated":true}]}}